{"id":174,"date":"2021-02-17T10:15:43","date_gmt":"2021-02-17T10:15:43","guid":{"rendered":"https:\/\/www.xn--caasdemaside-bhb.es\/web\/?page_id=174"},"modified":"2021-03-01T11:05:12","modified_gmt":"2021-03-01T11:05:12","slug":"productos","status":"publish","type":"page","link":"https:\/\/www.xn--caasdemaside-bhb.es\/web\/productos\/","title":{"rendered":"Productos"},"content":{"rendered":"\t\t<div data-elementor-type=\"wp-page\" data-elementor-id=\"174\" class=\"elementor elementor-174\" data-elementor-settings=\"[]\">\n\t\t\t\t\t\t\t<div class=\"elementor-section-wrap\">\n\t\t\t\t\t\t\t<section class=\"elementor-section elementor-top-section elementor-element elementor-element-2056ae2 elementor-section-boxed elementor-section-height-default elementor-section-height-default\" data-id=\"2056ae2\" data-element_type=\"section\">\n\t\t\t\t\t\t<div class=\"elementor-container elementor-column-gap-default\">\n\t\t\t\t\t<div class=\"elementor-column elementor-col-50 elementor-top-column elementor-element elementor-element-6cc8c53\" data-id=\"6cc8c53\" data-element_type=\"column\">\n\t\t\t<div class=\"elementor-widget-wrap elementor-element-populated\">\n\t\t\t\t\t\t\t\t<div class=\"elementor-element elementor-element-026b1f7 elementor-invisible elementor-widget elementor-widget-text-editor\" data-id=\"026b1f7\" data-element_type=\"widget\" data-settings=\"{&quot;_animation&quot;:&quot;zoomIn&quot;}\" data-widget_type=\"text-editor.default\">\n\t\t\t\t<div class=\"elementor-widget-container\">\n\t\t\t\t\t\t\t<p class=\"Standard\" style=\"text-align: justify; text-justify: inter-ideograph;\"><span style=\"font-family: 'Trebuchet MS','sans-serif';\">Nuestro producto son <b>Las Ca\u00f1as Fritas <\/b>fabricadas en dos formatos <b>tubular y c\u00f3nico. <\/b>M\u00e1s all\u00e1 del sabor tradicional y caracter\u00edstico dulce, hemos desarrollado una receta de nuestra masa ideal para sabores de toque salado. Seguimos trabajando para aportar innovaci\u00f3n y estamos abiertos a estudiar las necesidades de nuestros clientes.<\/span><\/p>\t\t\t\t\t\t<\/div>\n\t\t\t\t<\/div>\n\t\t\t\t\t<\/div>\n\t\t<\/div>\n\t\t\t\t<div class=\"elementor-column elementor-col-50 elementor-top-column elementor-element elementor-element-d7770d3\" data-id=\"d7770d3\" data-element_type=\"column\">\n\t\t\t<div class=\"elementor-widget-wrap elementor-element-populated\">\n\t\t\t\t\t\t\t\t<div class=\"elementor-element elementor-element-2f3c5c8 elementor-widget elementor-widget-image\" data-id=\"2f3c5c8\" data-element_type=\"widget\" data-widget_type=\"image.default\">\n\t\t\t\t<div class=\"elementor-widget-container\">\n\t\t\t\t\t\t\t\t\t\t\t\t<figure class=\"wp-caption\">\n\t\t\t\t\t\t\t\t\t\t\t<a href=\"https:\/\/www.xn--caasdemaside-bhb.es\/web\/wp-content\/uploads\/2021\/02\/023-scaled.jpg\" data-elementor-open-lightbox=\"yes\" data-elementor-lightbox-title=\"023\">\n\t\t\t\t\t\t\t<img width=\"300\" height=\"200\" src=\"https:\/\/www.xn--caasdemaside-bhb.es\/web\/wp-content\/uploads\/2021\/02\/023-300x200.jpg\" class=\"attachment-medium size-medium\" alt=\"\" loading=\"lazy\" srcset=\"https:\/\/www.xn--caasdemaside-bhb.es\/web\/wp-content\/uploads\/2021\/02\/023-300x200.jpg 300w, https:\/\/www.xn--caasdemaside-bhb.es\/web\/wp-content\/uploads\/2021\/02\/023-1024x684.jpg 1024w, https:\/\/www.xn--caasdemaside-bhb.es\/web\/wp-content\/uploads\/2021\/02\/023-768x513.jpg 768w, https:\/\/www.xn--caasdemaside-bhb.es\/web\/wp-content\/uploads\/2021\/02\/023-1536x1025.jpg 1536w, https:\/\/www.xn--caasdemaside-bhb.es\/web\/wp-content\/uploads\/2021\/02\/023-2048x1367.jpg 2048w, https:\/\/www.xn--caasdemaside-bhb.es\/web\/wp-content\/uploads\/2021\/02\/023-1600x1068.jpg 1600w, https:\/\/www.xn--caasdemaside-bhb.es\/web\/wp-content\/uploads\/2021\/02\/023-250x167.jpg 250w, https:\/\/www.xn--caasdemaside-bhb.es\/web\/wp-content\/uploads\/2021\/02\/023-400x267.jpg 400w\" sizes=\"(max-width: 300px) 100vw, 300px\" \/>\t\t\t\t\t\t\t\t<\/a>\n\t\t\t\t\t\t\t\t\t\t\t<figcaption class=\"widget-image-caption wp-caption-text\">Ca\u00f1a frita DeMaside en formato tubular<\/figcaption>\n\t\t\t\t\t\t\t\t\t\t<\/figure>\n\t\t\t\t\t\t\t\t\t<\/div>\n\t\t\t\t<\/div>\n\t\t\t\t\t<\/div>\n\t\t<\/div>\n\t\t\t\t\t\t\t<\/div>\n\t\t<\/section>\n\t\t\t\t<section class=\"elementor-section elementor-top-section elementor-element elementor-element-d076dfc elementor-section-boxed elementor-section-height-default elementor-section-height-default\" data-id=\"d076dfc\" data-element_type=\"section\">\n\t\t\t\t\t\t<div class=\"elementor-container elementor-column-gap-default\">\n\t\t\t\t\t<div class=\"elementor-column elementor-col-100 elementor-top-column elementor-element elementor-element-34d81ca\" data-id=\"34d81ca\" data-element_type=\"column\">\n\t\t\t<div class=\"elementor-widget-wrap elementor-element-populated\">\n\t\t\t\t\t\t\t\t<div class=\"elementor-element elementor-element-b9fd88b elementor-invisible elementor-widget elementor-widget-text-editor\" data-id=\"b9fd88b\" data-element_type=\"widget\" data-settings=\"{&quot;_animation&quot;:&quot;fadeIn&quot;}\" data-widget_type=\"text-editor.default\">\n\t\t\t\t<div class=\"elementor-widget-container\">\n\t\t\t\t\t\t\t<p class=\"Standard\" style=\"text-align: justify; text-justify: inter-ideograph;\"><span style=\"font-family: 'Trebuchet MS','sans-serif';\">Somos una peque\u00f1a industria artesanal, pero llevamos tiempo trabajando con las \u00faltimas tecnolog\u00edas que nos ofrece el sector para que nuestro producto llegue a todos los rincones con la mayor calidad y frescura.<\/span><\/p>\t\t\t\t\t\t<\/div>\n\t\t\t\t<\/div>\n\t\t\t\t\t<\/div>\n\t\t<\/div>\n\t\t\t\t\t\t\t<\/div>\n\t\t<\/section>\n\t\t\t\t<section class=\"elementor-section elementor-top-section elementor-element elementor-element-8e7ec71 elementor-section-boxed elementor-section-height-default elementor-section-height-default\" data-id=\"8e7ec71\" data-element_type=\"section\">\n\t\t\t\t\t\t<div class=\"elementor-container elementor-column-gap-default\">\n\t\t\t\t\t<div class=\"elementor-column elementor-col-50 elementor-top-column elementor-element elementor-element-4cb2ae6\" data-id=\"4cb2ae6\" data-element_type=\"column\">\n\t\t\t<div class=\"elementor-widget-wrap elementor-element-populated\">\n\t\t\t\t\t\t\t\t<div class=\"elementor-element elementor-element-428e21e elementor-widget elementor-widget-image\" data-id=\"428e21e\" data-element_type=\"widget\" data-widget_type=\"image.default\">\n\t\t\t\t<div class=\"elementor-widget-container\">\n\t\t\t\t\t\t\t\t\t\t\t\t<figure class=\"wp-caption\">\n\t\t\t\t\t\t\t\t\t\t\t<a href=\"https:\/\/www.xn--caasdemaside-bhb.es\/web\/wp-content\/uploads\/2021\/02\/n008-scaled.jpg\" data-elementor-open-lightbox=\"yes\" data-elementor-lightbox-title=\"n008\">\n\t\t\t\t\t\t\t<img width=\"300\" height=\"200\" src=\"https:\/\/www.xn--caasdemaside-bhb.es\/web\/wp-content\/uploads\/2021\/02\/n008-300x200.jpg\" class=\"attachment-medium size-medium\" alt=\"\" loading=\"lazy\" srcset=\"https:\/\/www.xn--caasdemaside-bhb.es\/web\/wp-content\/uploads\/2021\/02\/n008-300x200.jpg 300w, https:\/\/www.xn--caasdemaside-bhb.es\/web\/wp-content\/uploads\/2021\/02\/n008-1024x684.jpg 1024w, https:\/\/www.xn--caasdemaside-bhb.es\/web\/wp-content\/uploads\/2021\/02\/n008-768x513.jpg 768w, https:\/\/www.xn--caasdemaside-bhb.es\/web\/wp-content\/uploads\/2021\/02\/n008-1536x1025.jpg 1536w, https:\/\/www.xn--caasdemaside-bhb.es\/web\/wp-content\/uploads\/2021\/02\/n008-2048x1367.jpg 2048w, https:\/\/www.xn--caasdemaside-bhb.es\/web\/wp-content\/uploads\/2021\/02\/n008-1600x1068.jpg 1600w, https:\/\/www.xn--caasdemaside-bhb.es\/web\/wp-content\/uploads\/2021\/02\/n008-250x167.jpg 250w, https:\/\/www.xn--caasdemaside-bhb.es\/web\/wp-content\/uploads\/2021\/02\/n008-400x267.jpg 400w\" sizes=\"(max-width: 300px) 100vw, 300px\" \/>\t\t\t\t\t\t\t\t<\/a>\n\t\t\t\t\t\t\t\t\t\t\t<figcaption class=\"widget-image-caption wp-caption-text\">Ca\u00f1a Frita DeMaside en formato c\u00f3nico<\/figcaption>\n\t\t\t\t\t\t\t\t\t\t<\/figure>\n\t\t\t\t\t\t\t\t\t<\/div>\n\t\t\t\t<\/div>\n\t\t\t\t\t<\/div>\n\t\t<\/div>\n\t\t\t\t<div class=\"elementor-column elementor-col-50 elementor-top-column elementor-element elementor-element-32aab9e\" data-id=\"32aab9e\" data-element_type=\"column\">\n\t\t\t<div class=\"elementor-widget-wrap elementor-element-populated\">\n\t\t\t\t\t\t\t\t<div class=\"elementor-element elementor-element-805043f elementor-invisible elementor-widget elementor-widget-text-editor\" data-id=\"805043f\" data-element_type=\"widget\" data-settings=\"{&quot;_animation&quot;:&quot;zoomIn&quot;}\" data-widget_type=\"text-editor.default\">\n\t\t\t\t<div class=\"elementor-widget-container\">\n\t\t\t\t\t\t\t<p class=\"Standard\" style=\"text-align: justify; text-justify: inter-ideograph;\"><span style=\"font-family: 'Trebuchet MS','sans-serif';\">Por ello, envasamos nuestras <b>Ca\u00f1as Fritas de Maside<\/b> en paquetes con sistema de atm\u00f3sfera protegida, lo que permite total conservaci\u00f3n sin ning\u00fan tipo de aditivo qu\u00edmico, no altera ni el color ni el sabor. Este sistema ofrece una conservaci\u00f3n sin riesgo de contaminaci\u00f3n y garantiza m\u00e1xima calidad y f\u00e1cil transporte.<\/span><\/p>\t\t\t\t\t\t<\/div>\n\t\t\t\t<\/div>\n\t\t\t\t<div class=\"elementor-element elementor-element-7c35dc0 elementor-widget elementor-widget-text-editor\" data-id=\"7c35dc0\" data-element_type=\"widget\" data-widget_type=\"text-editor.default\">\n\t\t\t\t<div class=\"elementor-widget-container\">\n\t\t\t\t\t\t\t\t\t\t\t\t\t<\/div>\n\t\t\t\t<\/div>\n\t\t\t\t\t<\/div>\n\t\t<\/div>\n\t\t\t\t\t\t\t<\/div>\n\t\t<\/section>\n\t\t\t\t<section class=\"elementor-section elementor-top-section elementor-element elementor-element-2ae2792 elementor-section-boxed elementor-section-height-default elementor-section-height-default\" data-id=\"2ae2792\" data-element_type=\"section\">\n\t\t\t\t\t\t<div class=\"elementor-container elementor-column-gap-default\">\n\t\t\t\t\t<div class=\"elementor-column elementor-col-100 elementor-top-column elementor-element elementor-element-7704c64\" data-id=\"7704c64\" data-element_type=\"column\">\n\t\t\t<div class=\"elementor-widget-wrap elementor-element-populated\">\n\t\t\t\t\t\t\t\t<div class=\"elementor-element elementor-element-f004eb5 elementor-drop-cap-yes elementor-drop-cap-view-default elementor-invisible elementor-widget elementor-widget-text-editor\" data-id=\"f004eb5\" data-element_type=\"widget\" data-settings=\"{&quot;drop_cap&quot;:&quot;yes&quot;,&quot;_animation&quot;:&quot;zoomIn&quot;}\" data-widget_type=\"text-editor.default\">\n\t\t\t\t<div class=\"elementor-widget-container\">\n\t\t\t\t\t\t\t<p style=\"text-align: justify; text-justify: inter-ideograph;\"><span style=\"font-family: 'Trebuchet MS','sans-serif';\">Nuestras cajas contienen 10 envases de 50 ca\u00f1as cada uno. Surtimos nuestro clientes por cajas y\/o palets. Evuentualmente podemos contemplar otros formatos. Para ello conviene mantener una reuni\u00f3n con nuestro departamento comercial y estudiar las diferentes posibilidades.<\/span><\/p><p style=\"text-align: justify; text-justify: inter-ideograph;\"><span style=\"font-family: 'Trebuchet MS', sans-serif; font-weight: var( --e-global-typography-text-font-weight );\">Trabajamos con empresas de transporte serias y al igual que nosotros, comprometidas con el servicio al cliente y garantizamos entrega en cortos plazos de tiempo.<\/span><\/p>\t\t\t\t\t\t<\/div>\n\t\t\t\t<\/div>\n\t\t\t\t\t<\/div>\n\t\t<\/div>\n\t\t\t\t\t\t\t<\/div>\n\t\t<\/section>\n\t\t\t\t\t\t<\/div>\n\t\t\t\t\t<\/div>\n\t\t","protected":false},"excerpt":{"rendered":"<p>Nuestro producto son Las Ca\u00f1as Fritas fabricadas en dos formatos tubular y c\u00f3nico. M\u00e1s all\u00e1 del sabor tradicional y caracter\u00edstico dulce, hemos desarrollado una receta de nuestra masa ideal para sabores de toque salado. Seguimos trabajando para aportar innovaci\u00f3n y estamos abiertos a estudiar las necesidades de nuestros clientes. Ca\u00f1a frita DeMaside en formato tubular [&hellip;]<\/p>\n","protected":false},"author":1,"featured_media":180,"parent":0,"menu_order":0,"comment_status":"closed","ping_status":"closed","template":"page-fullwidth.php","meta":[],"_links":{"self":[{"href":"https:\/\/www.xn--caasdemaside-bhb.es\/web\/wp-json\/wp\/v2\/pages\/174"}],"collection":[{"href":"https:\/\/www.xn--caasdemaside-bhb.es\/web\/wp-json\/wp\/v2\/pages"}],"about":[{"href":"https:\/\/www.xn--caasdemaside-bhb.es\/web\/wp-json\/wp\/v2\/types\/page"}],"author":[{"embeddable":true,"href":"https:\/\/www.xn--caasdemaside-bhb.es\/web\/wp-json\/wp\/v2\/users\/1"}],"replies":[{"embeddable":true,"href":"https:\/\/www.xn--caasdemaside-bhb.es\/web\/wp-json\/wp\/v2\/comments?post=174"}],"version-history":[{"count":59,"href":"https:\/\/www.xn--caasdemaside-bhb.es\/web\/wp-json\/wp\/v2\/pages\/174\/revisions"}],"predecessor-version":[{"id":286,"href":"https:\/\/www.xn--caasdemaside-bhb.es\/web\/wp-json\/wp\/v2\/pages\/174\/revisions\/286"}],"wp:featuredmedia":[{"embeddable":true,"href":"https:\/\/www.xn--caasdemaside-bhb.es\/web\/wp-json\/wp\/v2\/media\/180"}],"wp:attachment":[{"href":"https:\/\/www.xn--caasdemaside-bhb.es\/web\/wp-json\/wp\/v2\/media?parent=174"}],"curies":[{"name":"wp","href":"https:\/\/api.w.org\/{rel}","templated":true}]}}